{"id":2,"date":"2025-01-24T17:06:24","date_gmt":"2025-01-24T17:06:24","guid":{"rendered":"https:\/\/www.uhmegle.link\/?page_id=2"},"modified":"2025-05-31T12:14:44","modified_gmt":"2025-05-31T12:14:44","slug":"sample-page","status":"publish","type":"page","link":"https:\/\/www.uhmegle.link\/pt\/sample-page\/","title":{"rendered":"P\u00e1gina de amostra"},"content":{"rendered":"<p>Esta \u00e9 uma p\u00e1gina de exemplo. Ela \u00e9 diferente de uma postagem de blog porque ela ficar\u00e1 em um lugar e aparecer\u00e1 na navega\u00e7\u00e3o do seu site (na maioria dos temas). A maioria das pessoas come\u00e7a com uma p\u00e1gina Sobre que as apresenta a potenciais visitantes do site. Ela pode dizer algo como isto:<\/p>\n\n\n\n<blockquote class=\"wp-block-quote is-layout-flow wp-block-quote-is-layout-flow\"><p>Ol\u00e1! Sou um mensageiro de bicicleta durante o dia, ator aspirante \u00e0 noite, e este \u00e9 meu site. Moro em Los Angeles, tenho um cachorro \u00f3timo chamado Jack e gosto de pi\u00f1a coladas. (E de ser pego pela chuva.)<\/p><\/blockquote>\n\n\n\n<p>\u2026ou algo assim:<\/p>\n\n\n\n<blockquote class=\"wp-block-quote is-layout-flow wp-block-quote-is-layout-flow\"><p>A XYZ Doohickey Company foi fundada em 1971 e tem fornecido doohickeys de qualidade ao p\u00fablico desde ent\u00e3o. Localizada em Gotham City, a XYZ emprega mais de 2.000 pessoas e faz todo tipo de coisas incr\u00edveis para a comunidade de Gotham.<\/p><\/blockquote>\n\n\n\n<p>Como um novo usu\u00e1rio do WordPress, voc\u00ea deve ir para <a href=\"https:\/\/www.uhmegle.link\/wp-admin\/\">seu painel<\/a> para apagar esta p\u00e1gina e criar novas p\u00e1ginas para seu conte\u00fado. Divirta-se!<\/p>","protected":false},"excerpt":{"rendered":"<p>This is an example page. It&#8217;s different from a blog post because it will stay in one place and will show up in your site navigation (in most themes). Most people start with an About page that introduces them to potential site visitors. It might say something like this: Hi there! I&#8217;m a bike messenger [&hellip;]<\/p>","protected":false},"author":1,"featured_media":0,"parent":0,"menu_order":0,"comment_status":"closed","ping_status":"open","template":"flirtbees-style-template.php","meta":{"_acf_changed":false,"footnotes":""},"class_list":["post-2","page","type-page","status-publish","hentry"],"acf":[],"yoast_head":"<!-- This site is optimized with the Yoast SEO plugin v27.4 - https:\/\/yoast.com\/product\/yoast-seo-wordpress\/ -->\n<title>Sample Page - Uhmegle<\/title>\n<meta name=\"robots\" content=\"index, follow, max-snippet:-1, max-image-preview:large, max-video-preview:-1\" \/>\n<link rel=\"canonical\" href=\"https:\/\/www.uhmegle.link\/pt\/sample-page\/\" \/>\n<meta property=\"og:locale\" content=\"pt_BR\" \/>\n<meta property=\"og:type\" content=\"article\" \/>\n<meta property=\"og:title\" content=\"Sample Page - Uhmegle\" \/>\n<meta property=\"og:description\" content=\"This is an example page. It&#8217;s different from a blog post because it will stay in one place and will show up in your site navigation (in most themes). Most people start with an About page that introduces them to potential site visitors. It might say something like this: Hi there! I&#8217;m a bike messenger [&hellip;]\" \/>\n<meta property=\"og:url\" content=\"https:\/\/www.uhmegle.link\/pt\/sample-page\/\" \/>\n<meta property=\"og:site_name\" content=\"Uhmegle\" \/>\n<meta property=\"article:modified_time\" content=\"2025-05-31T12:14:44+00:00\" \/>\n<meta name=\"twitter:card\" content=\"summary_large_image\" \/>\n<meta name=\"twitter:label1\" content=\"Est. tempo de leitura\" \/>\n\t<meta name=\"twitter:data1\" content=\"1 minuto\" \/>\n<script type=\"application\/ld+json\" class=\"yoast-schema-graph\">{\"@context\":\"https:\\\/\\\/schema.org\",\"@graph\":[{\"@type\":\"WebPage\",\"@id\":\"https:\\\/\\\/www.uhmegle.link\\\/sample-page\\\/\",\"url\":\"https:\\\/\\\/www.uhmegle.link\\\/sample-page\\\/\",\"name\":\"Sample Page - Uhmegle\",\"isPartOf\":{\"@id\":\"https:\\\/\\\/www.uhmegle.link\\\/fr\\\/#website\"},\"datePublished\":\"2025-01-24T17:06:24+00:00\",\"dateModified\":\"2025-05-31T12:14:44+00:00\",\"breadcrumb\":{\"@id\":\"https:\\\/\\\/www.uhmegle.link\\\/sample-page\\\/#breadcrumb\"},\"inLanguage\":\"pt-BR\",\"potentialAction\":[{\"@type\":\"ReadAction\",\"target\":[\"https:\\\/\\\/www.uhmegle.link\\\/sample-page\\\/\"]}]},{\"@type\":\"BreadcrumbList\",\"@id\":\"https:\\\/\\\/www.uhmegle.link\\\/sample-page\\\/#breadcrumb\",\"itemListElement\":[{\"@type\":\"ListItem\",\"position\":1,\"name\":\"Home\",\"item\":\"https:\\\/\\\/www.uhmegle.link\\\/\"},{\"@type\":\"ListItem\",\"position\":2,\"name\":\"Sample Page\"}]},{\"@type\":\"WebSite\",\"@id\":\"https:\\\/\\\/www.uhmegle.link\\\/fr\\\/#website\",\"url\":\"https:\\\/\\\/www.uhmegle.link\\\/fr\\\/\",\"name\":\"Uhmegle\",\"description\":\"\",\"potentialAction\":[{\"@type\":\"SearchAction\",\"target\":{\"@type\":\"EntryPoint\",\"urlTemplate\":\"https:\\\/\\\/www.uhmegle.link\\\/fr\\\/?s={search_term_string}\"},\"query-input\":{\"@type\":\"PropertyValueSpecification\",\"valueRequired\":true,\"valueName\":\"search_term_string\"}}],\"inLanguage\":\"pt-BR\"}]}<\/script>\n<!-- \/ Yoast SEO plugin. -->","yoast_head_json":{"title":"Sample Page - Uhmegle","robots":{"index":"index","follow":"follow","max-snippet":"max-snippet:-1","max-image-preview":"max-image-preview:large","max-video-preview":"max-video-preview:-1"},"canonical":"https:\/\/www.uhmegle.link\/pt\/sample-page\/","og_locale":"pt_BR","og_type":"article","og_title":"Sample Page - Uhmegle","og_description":"This is an example page. It&#8217;s different from a blog post because it will stay in one place and will show up in your site navigation (in most themes). Most people start with an About page that introduces them to potential site visitors. It might say something like this: Hi there! I&#8217;m a bike messenger [&hellip;]","og_url":"https:\/\/www.uhmegle.link\/pt\/sample-page\/","og_site_name":"Uhmegle","article_modified_time":"2025-05-31T12:14:44+00:00","twitter_card":"summary_large_image","twitter_misc":{"Est. tempo de leitura":"1 minuto"},"schema":{"@context":"https:\/\/schema.org","@graph":[{"@type":"WebPage","@id":"https:\/\/www.uhmegle.link\/sample-page\/","url":"https:\/\/www.uhmegle.link\/sample-page\/","name":"Sample Page - Uhmegle","isPartOf":{"@id":"https:\/\/www.uhmegle.link\/fr\/#website"},"datePublished":"2025-01-24T17:06:24+00:00","dateModified":"2025-05-31T12:14:44+00:00","breadcrumb":{"@id":"https:\/\/www.uhmegle.link\/sample-page\/#breadcrumb"},"inLanguage":"pt-BR","potentialAction":[{"@type":"ReadAction","target":["https:\/\/www.uhmegle.link\/sample-page\/"]}]},{"@type":"BreadcrumbList","@id":"https:\/\/www.uhmegle.link\/sample-page\/#breadcrumb","itemListElement":[{"@type":"ListItem","position":1,"name":"Home","item":"https:\/\/www.uhmegle.link\/"},{"@type":"ListItem","position":2,"name":"Sample Page"}]},{"@type":"WebSite","@id":"https:\/\/www.uhmegle.link\/fr\/#website","url":"https:\/\/www.uhmegle.link\/fr\/","name":"Uhmegle","description":"","potentialAction":[{"@type":"SearchAction","target":{"@type":"EntryPoint","urlTemplate":"https:\/\/www.uhmegle.link\/fr\/?s={search_term_string}"},"query-input":{"@type":"PropertyValueSpecification","valueRequired":true,"valueName":"search_term_string"}}],"inLanguage":"pt-BR"}]}},"_links":{"self":[{"href":"https:\/\/www.uhmegle.link\/pt\/wp-json\/wp\/v2\/pages\/2","targetHints":{"allow":["GET"]}}],"collection":[{"href":"https:\/\/www.uhmegle.link\/pt\/wp-json\/wp\/v2\/pages"}],"about":[{"href":"https:\/\/www.uhmegle.link\/pt\/wp-json\/wp\/v2\/types\/page"}],"author":[{"embeddable":true,"href":"https:\/\/www.uhmegle.link\/pt\/wp-json\/wp\/v2\/users\/1"}],"replies":[{"embeddable":true,"href":"https:\/\/www.uhmegle.link\/pt\/wp-json\/wp\/v2\/comments?post=2"}],"version-history":[{"count":1,"href":"https:\/\/www.uhmegle.link\/pt\/wp-json\/wp\/v2\/pages\/2\/revisions"}],"predecessor-version":[{"id":697,"href":"https:\/\/www.uhmegle.link\/pt\/wp-json\/wp\/v2\/pages\/2\/revisions\/697"}],"wp:attachment":[{"href":"https:\/\/www.uhmegle.link\/pt\/wp-json\/wp\/v2\/media?parent=2"}],"curies":[{"name":"wp","href":"https:\/\/api.w.org\/{rel}","templated":true}]}}